{"id":2930,"date":"2022-03-28T15:18:11","date_gmt":"2022-03-28T15:18:11","guid":{"rendered":"https:\/\/www.armindoaraujo.pt\/wp\/?page_id=2930"},"modified":"2024-10-02T11:51:17","modified_gmt":"2024-10-02T11:51:17","slug":"luisramalho-perfil","status":"publish","type":"page","link":"https:\/\/www.armindoaraujo.pt\/wp\/luisramalho-perfil\/","title":{"rendered":"Lu\u00eds Ramalho"},"content":{"rendered":"\t\t<div data-elementor-type=\"wp-page\" data-elementor-id=\"2930\" class=\"elementor elementor-2930\" data-elementor-post-type=\"page\">\n\t\t\t\t\t\t<section class=\"elementor-section elementor-top-section elementor-element elementor-element-d2ced09 elementor-section-boxed elementor-section-height-default elementor-section-height-default\" data-id=\"d2ced09\" data-element_type=\"section\" data-e-type=\"section\">\n\t\t\t\t\t\t<div class=\"elementor-container elementor-column-gap-default\">\n\t\t\t\t\t<div class=\"elementor-column elementor-col-100 elementor-top-column elementor-element elementor-element-df7af4c\" data-id=\"df7af4c\" data-element_type=\"column\" data-e-type=\"column\">\n\t\t\t<div class=\"elementor-widget-wrap elementor-element-populated\">\n\t\t\t\t\t\t<div class=\"elementor-element elementor-element-c116305 elementor-widget elementor-widget-image\" data-id=\"c116305\" data-element_type=\"widget\" data-e-type=\"widget\" data-widget_type=\"image.default\">\n\t\t\t\t<div class=\"elementor-widget-container\">\n\t\t\t\t\t\t\t\t\t\t\t\t\t\t\t<img fetchpriority=\"high\" decoding=\"async\" width=\"1280\" height=\"47\" src=\"https:\/\/www.armindoaraujo.pt\/wp\/wp-content\/uploads\/2022\/03\/barra_laranja_direita.png\" class=\"attachment-full size-full wp-image-2972\" alt=\"\" srcset=\"https:\/\/www.armindoaraujo.pt\/wp\/wp-content\/uploads\/2022\/03\/barra_laranja_direita.png 1280w, https:\/\/www.armindoaraujo.pt\/wp\/wp-content\/uploads\/2022\/03\/barra_laranja_direita-300x11.png 300w, https:\/\/www.armindoaraujo.pt\/wp\/wp-content\/uploads\/2022\/03\/barra_laranja_direita-600x22.png 600w, https:\/\/www.armindoaraujo.pt\/wp\/wp-content\/uploads\/2022\/03\/barra_laranja_direita-1024x38.png 1024w, https:\/\/www.armindoaraujo.pt\/wp\/wp-content\/uploads\/2022\/03\/barra_laranja_direita-768x28.png 768w\" sizes=\"(max-width: 1280px) 100vw, 1280px\" \/>\t\t\t\t\t\t\t\t\t\t\t\t\t\t\t<\/div>\n\t\t\t\t<\/div>\n\t\t\t\t<div class=\"elementor-element elementor-element-6b662b0 elementor-widget elementor-widget-heading\" data-id=\"6b662b0\" data-element_type=\"widget\" data-e-type=\"widget\" data-widget_type=\"heading.default\">\n\t\t\t\t<div class=\"elementor-widget-container\">\n\t\t\t\t\t<h2 class=\"elementor-heading-title elementor-size-large\">Lu\u00eds Ramalho<\/h2>\t\t\t\t<\/div>\n\t\t\t\t<\/div>\n\t\t\t\t\t<\/div>\n\t\t<\/div>\n\t\t\t\t\t<\/div>\n\t\t<\/section>\n\t\t\t\t<section class=\"elementor-section elementor-top-section elementor-element elementor-element-f4ceb90 elementor-section-boxed elementor-section-height-default elementor-section-height-default\" data-id=\"f4ceb90\" data-element_type=\"section\" data-e-type=\"section\">\n\t\t\t\t\t\t<div class=\"elementor-container elementor-column-gap-default\">\n\t\t\t\t\t<div class=\"elementor-column elementor-col-50 elementor-top-column elementor-element elementor-element-b63e733\" data-id=\"b63e733\" data-element_type=\"column\" data-e-type=\"column\">\n\t\t\t<div class=\"elementor-widget-wrap elementor-element-populated\">\n\t\t\t\t\t\t<div class=\"elementor-element elementor-element-4c10b02 elementor-widget__width-initial elementor-widget elementor-widget-image\" data-id=\"4c10b02\" data-element_type=\"widget\" data-e-type=\"widget\" data-widget_type=\"image.default\">\n\t\t\t\t<div class=\"elementor-widget-container\">\n\t\t\t\t\t\t\t\t\t\t\t\t\t\t\t<img decoding=\"async\" width=\"800\" height=\"624\" src=\"https:\/\/www.armindoaraujo.pt\/wp\/wp-content\/uploads\/2023\/01\/LUisR_foto-e1677152371494.png\" class=\"attachment-large size-large wp-image-3470\" alt=\"\" srcset=\"https:\/\/www.armindoaraujo.pt\/wp\/wp-content\/uploads\/2023\/01\/LUisR_foto-e1677152371494.png 867w, https:\/\/www.armindoaraujo.pt\/wp\/wp-content\/uploads\/2023\/01\/LUisR_foto-e1677152371494-300x234.png 300w, https:\/\/www.armindoaraujo.pt\/wp\/wp-content\/uploads\/2023\/01\/LUisR_foto-e1677152371494-768x599.png 768w, https:\/\/www.armindoaraujo.pt\/wp\/wp-content\/uploads\/2023\/01\/LUisR_foto-e1677152371494-600x468.png 600w\" sizes=\"(max-width: 800px) 100vw, 800px\" \/>\t\t\t\t\t\t\t\t\t\t\t\t\t\t\t<\/div>\n\t\t\t\t<\/div>\n\t\t\t\t\t<\/div>\n\t\t<\/div>\n\t\t\t\t<div class=\"elementor-column elementor-col-50 elementor-top-column elementor-element elementor-element-4d5cdb9\" data-id=\"4d5cdb9\" data-element_type=\"column\" data-e-type=\"column\">\n\t\t\t<div class=\"elementor-widget-wrap elementor-element-populated\">\n\t\t\t\t\t\t<div class=\"elementor-element elementor-element-3017726 elementor-widget__width-initial elementor-widget elementor-widget-text-editor\" data-id=\"3017726\" data-element_type=\"widget\" data-e-type=\"widget\" data-widget_type=\"text-editor.default\">\n\t\t\t\t<div class=\"elementor-widget-container\">\n\t\t\t\t\t\t\t\t\t<p><span style=\"font-size:12.0pt;\nline-height:107%\">Nascido em Coimbra, a 11 de Julho de 1962, Lu\u00eds Ramalho \u00e9 um\ndos mais experientes navegadores portugueses em atividade, tendo dividida a sua\ncarreira nos ralis entre o volante e o banco do lado direito em cerca de\nduzentos e cinquenta ralis disputados.<o:p><\/o:p><\/span><\/p><p><span style=\"font-size:12.0pt;\nline-height:107%\">&nbsp;<\/span><span style=\"font-size: 12pt; letter-spacing: 0px;\">Iniciou-se nos ralis em 1992, ao volante de um Lancia Delta\nIntegrale, tendo terminado o Rali Cidade de Amarante na segunda posi\u00e7\u00e3o da\ngeral e vencendo o o Grupo N. Com o seu irm\u00e3o Miguel como navegador, disputou a\ntemporada completa do Campeonato de Iniciados de Ralis de 1994, sagrando-se\ncampe\u00e3o do Grupo N e vice-campe\u00e3o absoluto. Em 1998, com mais de tr\u00eas dezenas\nde ralis em que participou como piloto, Lu\u00eds Ramalho estreia-se no Rali Rota do\nSol como navegador de Lu\u00eds Fonseca. Apesar de algumas participa\u00e7\u00f5es espor\u00e1dicas\nao volante, onde se destaca a vit\u00f3ria no Rali de Bai\u00e3o de 2001, o banco do lado\ndireito passou, desde ent\u00e3o, a fazer parte da sua carreira desportiva nos\nautom\u00f3veis.<\/span><\/p>\t\t\t\t\t\t\t\t<\/div>\n\t\t\t\t<\/div>\n\t\t\t\t\t<\/div>\n\t\t<\/div>\n\t\t\t\t\t<\/div>\n\t\t<\/section>\n\t\t\t\t<section class=\"elementor-section elementor-top-section elementor-element elementor-element-6a251e9 elementor-section-boxed elementor-section-height-default elementor-section-height-default\" data-id=\"6a251e9\" data-element_type=\"section\" data-e-type=\"section\">\n\t\t\t\t\t\t<div class=\"elementor-container elementor-column-gap-default\">\n\t\t\t\t\t<div class=\"elementor-column elementor-col-100 elementor-top-column elementor-element elementor-element-39ee5bb\" data-id=\"39ee5bb\" data-element_type=\"column\" data-e-type=\"column\">\n\t\t\t<div class=\"elementor-widget-wrap elementor-element-populated\">\n\t\t\t\t\t\t<div class=\"elementor-element elementor-element-ec6c3e2 elementor-widget elementor-widget-text-editor\" data-id=\"ec6c3e2\" data-element_type=\"widget\" data-e-type=\"widget\" data-widget_type=\"text-editor.default\">\n\t\t\t\t<div class=\"elementor-widget-container\">\n\t\t\t\t\t\t\t\t\t<p style=\"text-align: justify;\"><span style=\"font-size: 12.0pt; line-height: 107%;\">Com mais de duas centenas de ralis disputados como navegador, e depois de ter feito dupla com trinta e um pilotos nacionais \u00e9, desde 2018, o navegador de Armindo Ara\u00fajo, o mais conceituado e premiado piloto portugu\u00eas de ralis. \u00c9 com o piloto de Santo Tirso que conquista os tr\u00eas t\u00edtulos absolutos de Campe\u00e3o de Portugal Navegadores de Ralis (2018, 2020, 2022 e 2024), e com quem continua a alinhar nos ralis de forma ativa.<\/span><\/p>\n<p style=\"text-align: justify;\"><span style=\"font-size: 16px;\">Para al\u00e9m dos ralis, Lu\u00eds Ramalho tamb\u00e9m fez um percurso vitorioso no Todo-o-Terreno. Em 2009 sagrou-se Campe\u00e3o Nacional de Navegadores ao fazer dupla, nesse mesmo ano, com Carlos Sousa, Rodolphe Deveaux , e Miguel Barbosa.&nbsp;<\/span><\/p>\t\t\t\t\t\t\t\t<\/div>\n\t\t\t\t<\/div>\n\t\t\t\t\t<\/div>\n\t\t<\/div>\n\t\t\t\t\t<\/div>\n\t\t<\/section>\n\t\t\t\t<section class=\"elementor-section elementor-top-section elementor-element elementor-element-f3697ec elementor-section-boxed elementor-section-height-default elementor-section-height-default\" data-id=\"f3697ec\" data-element_type=\"section\" data-e-type=\"section\">\n\t\t\t\t\t\t<div class=\"elementor-container elementor-column-gap-default\">\n\t\t\t\t\t<div class=\"elementor-column elementor-col-100 elementor-top-column elementor-element elementor-element-657305d\" data-id=\"657305d\" data-element_type=\"column\" data-e-type=\"column\">\n\t\t\t<div class=\"elementor-widget-wrap elementor-element-populated\">\n\t\t\t\t\t\t<div class=\"elementor-element elementor-element-6d72f95 elementor-widget elementor-widget-shortcode\" data-id=\"6d72f95\" data-element_type=\"widget\" data-e-type=\"widget\" data-widget_type=\"shortcode.default\">\n\t\t\t\t<div class=\"elementor-widget-container\">\n\t\t\t\t\t\t\t<div class=\"elementor-shortcode\">\n<table id=\"tablepress-2\" class=\"tablepress tablepress-id-2\">\n<tbody>\n<tr class=\"row-1\">\n\t<td class=\"column-1\">Piloto:<\/td><td class=\"column-2\">Navegador:<\/td>\n<\/tr>\n<tr class=\"row-2\">\n\t<td class=\"column-1\">Primeiro Rali:<br \/>\nRali Cidade de Amarante (1992) navegado por Miguel Ramalho - Lancia Delta Integrale<\/td><td class=\"column-2\">Primeiro rali: <br \/>\nRali Rota do Sol (1998) com Lu\u00eds Fonseca - Ford Escort RS Cosworth<\/td>\n<\/tr>\n<tr class=\"row-3\">\n\t<td class=\"column-1\">Primeira vit\u00f3ria: <br \/>\nRali de Bai\u00e3o 2001 - Navegado por Miguel Ramalho - Volkswagen Golf G60 Rallye<\/td><td class=\"column-2\">Primeira vit\u00f3ria: <br \/>\nRali de Mur\u00e7a (2003) com Miguel Rodrigues - Citr\u00f6en Saxo<\/td>\n<\/tr>\n<tr class=\"row-4\">\n\t<td class=\"column-1\">T\u00edtulos: <br \/>\nCampe\u00e3o Iniciados Grupo N \u2013 1994<\/td><td class=\"column-2\">T\u00edtulos: <br \/>\nCampe\u00e3o Nacional de Todo-o-Terreno - Com Carlos Sousa\/Rodolphe Deveaux e Miguel Barbosa - 2009<br \/>\nCampe\u00e3o Nacional de Ralis - com Armindo Ara\u00fajo - 2018\/2020\/2022\/2024<\/td>\n<\/tr>\n<tr class=\"row-5\">\n\t<td class=\"column-1\">Ralis disputados:<br \/>\n38<\/td><td class=\"column-2\">Ralis disputados: <br \/>\n233 (At\u00e9 ao Rali da \u00c1gua - Transib\u00e9rico 2024)<\/td>\n<\/tr>\n<tr class=\"row-6\">\n\t<td class=\"column-1\">Navegado por: <br \/>\nMiguel Ramalho; Ant\u00f3nio Manuel; Miguel Soares; Redwan Cassamo; Jos\u00e9 Lopes; Filipe Fernandes; M\u00e1rio Castro; Manuel Rolo; Duarte Martins; <br \/>\n<\/td><td class=\"column-2\">Pilotos que navegou: <br \/>\nLu\u00eds Fonseca; Manuel Rolo; Eduardo Leal; Armando Oliveira; Arag\u00e3o Teixeira; Pedro Ortig\u00e3o; Ricardo Moura; Pedro Leal; Diva Teixeira; Lu\u00eds Prazeres; M\u00e1rio Silva; Miguel Rodrigues; Paulo Azevedo; Francisco Barros Leite; Jo\u00e3o Barros Leite; Carlos Costa; Pedro Alves; V\u00edtor Pascoal; Renato Pita; An\u00edbal Rolo; Miguel Campos; Miguel Jorge Barbosa; Jos\u00e9 Pedro Fontes; Nuno Pombo; Miguel Barbosa; Margarida Barbosa; Carlos Vieira; Joaquim Alves; Filipe Nogueira; Filipe Madureira; Fernando Matias; Wolf-Dieter Ihle; Nuno Coelho; Rui Soares; Paulo Roque; Jos\u00e9 Silva e Armindo Ara\u00fajo.<\/td>\n<\/tr>\n<\/tbody>\n<\/table>\n<\/div>\n\t\t\t\t\t\t<\/div>\n\t\t\t\t<\/div>\n\t\t\t\t\t<\/div>\n\t\t<\/div>\n\t\t\t\t\t<\/div>\n\t\t<\/section>\n\t\t\t\t<\/div>\n\t\t","protected":false},"excerpt":{"rendered":"<p>Lu\u00eds Ramalho Nascido em Coimbra, a 11 de Julho de 1962, Lu\u00eds Ramalho \u00e9 um dos mais experientes navegadores portugueses em atividade, tendo dividida a sua carreira nos ralis entre &#8230;<\/p>\n","protected":false},"author":2,"featured_media":3470,"parent":0,"menu_order":0,"comment_status":"closed","ping_status":"closed","template":"","meta":{"_editorskit_title_hidden":false,"_editorskit_reading_time":0,"_editorskit_is_block_options_detached":false,"_editorskit_block_options_position":"{}","footnotes":""},"class_list":["post-2930","page","type-page","status-publish","has-post-thumbnail","hentry"],"yoast_head":"<!-- This site is optimized with the Yoast SEO plugin v27.1.1 - https:\/\/yoast.com\/product\/yoast-seo-wordpress\/ -->\n<title>Lu\u00eds Ramalho - Armindo Ara\u00fajo<\/title>\n<meta name=\"robots\" content=\"index, follow, max-snippet:-1, max-image-preview:large, max-video-preview:-1\" \/>\n<link rel=\"canonical\" href=\"https:\/\/www.armindoaraujo.pt\/wp\/luisramalho-perfil\/\" \/>\n<meta property=\"og:locale\" content=\"pt_PT\" \/>\n<meta property=\"og:type\" content=\"article\" \/>\n<meta property=\"og:title\" content=\"Lu\u00eds Ramalho - Armindo Ara\u00fajo\" \/>\n<meta property=\"og:description\" content=\"Lu\u00eds Ramalho Nascido em Coimbra, a 11 de Julho de 1962, Lu\u00eds Ramalho \u00e9 um dos mais experientes navegadores portugueses em atividade, tendo dividida a sua carreira nos ralis entre ...\" \/>\n<meta property=\"og:url\" content=\"https:\/\/www.armindoaraujo.pt\/wp\/luisramalho-perfil\/\" \/>\n<meta property=\"og:site_name\" content=\"Armindo Ara\u00fajo\" \/>\n<meta property=\"article:modified_time\" content=\"2024-10-02T11:51:17+00:00\" \/>\n<meta property=\"og:image\" content=\"https:\/\/www.armindoaraujo.pt\/wp\/wp-content\/uploads\/2023\/01\/LUisR_foto-e1677152371494.png\" \/>\n\t<meta property=\"og:image:width\" content=\"867\" \/>\n\t<meta property=\"og:image:height\" content=\"676\" \/>\n\t<meta property=\"og:image:type\" content=\"image\/png\" \/>\n<meta name=\"twitter:card\" content=\"summary_large_image\" \/>\n<meta name=\"twitter:label1\" content=\"Tempo estimado de leitura\" \/>\n\t<meta name=\"twitter:data1\" content=\"2 minutos\" \/>\n<script type=\"application\/ld+json\" class=\"yoast-schema-graph\">{\"@context\":\"https:\/\/schema.org\",\"@graph\":[{\"@type\":\"WebPage\",\"@id\":\"https:\/\/www.armindoaraujo.pt\/wp\/luisramalho-perfil\/\",\"url\":\"https:\/\/www.armindoaraujo.pt\/wp\/luisramalho-perfil\/\",\"name\":\"Lu\u00eds Ramalho - Armindo Ara\u00fajo\",\"isPartOf\":{\"@id\":\"https:\/\/www.armindoaraujo.pt\/wp\/#website\"},\"primaryImageOfPage\":{\"@id\":\"https:\/\/www.armindoaraujo.pt\/wp\/luisramalho-perfil\/#primaryimage\"},\"image\":{\"@id\":\"https:\/\/www.armindoaraujo.pt\/wp\/luisramalho-perfil\/#primaryimage\"},\"thumbnailUrl\":\"https:\/\/www.armindoaraujo.pt\/wp\/wp-content\/uploads\/2023\/01\/LUisR_foto-e1677152371494.png\",\"datePublished\":\"2022-03-28T15:18:11+00:00\",\"dateModified\":\"2024-10-02T11:51:17+00:00\",\"breadcrumb\":{\"@id\":\"https:\/\/www.armindoaraujo.pt\/wp\/luisramalho-perfil\/#breadcrumb\"},\"inLanguage\":\"pt-PT\",\"potentialAction\":[{\"@type\":\"ReadAction\",\"target\":[\"https:\/\/www.armindoaraujo.pt\/wp\/luisramalho-perfil\/\"]}]},{\"@type\":\"ImageObject\",\"inLanguage\":\"pt-PT\",\"@id\":\"https:\/\/www.armindoaraujo.pt\/wp\/luisramalho-perfil\/#primaryimage\",\"url\":\"https:\/\/www.armindoaraujo.pt\/wp\/wp-content\/uploads\/2023\/01\/LUisR_foto-e1677152371494.png\",\"contentUrl\":\"https:\/\/www.armindoaraujo.pt\/wp\/wp-content\/uploads\/2023\/01\/LUisR_foto-e1677152371494.png\",\"width\":867,\"height\":676},{\"@type\":\"BreadcrumbList\",\"@id\":\"https:\/\/www.armindoaraujo.pt\/wp\/luisramalho-perfil\/#breadcrumb\",\"itemListElement\":[{\"@type\":\"ListItem\",\"position\":1,\"name\":\"P\u00e1gina Inicial\",\"item\":\"https:\/\/www.armindoaraujo.pt\/wp\/\"},{\"@type\":\"ListItem\",\"position\":2,\"name\":\"Lu\u00eds Ramalho\"}]},{\"@type\":\"WebSite\",\"@id\":\"https:\/\/www.armindoaraujo.pt\/wp\/#website\",\"url\":\"https:\/\/www.armindoaraujo.pt\/wp\/\",\"name\":\"Armindo Ara\u00fajo\",\"description\":\"\",\"publisher\":{\"@id\":\"https:\/\/www.armindoaraujo.pt\/wp\/#organization\"},\"potentialAction\":[{\"@type\":\"SearchAction\",\"target\":{\"@type\":\"EntryPoint\",\"urlTemplate\":\"https:\/\/www.armindoaraujo.pt\/wp\/?s={search_term_string}\"},\"query-input\":{\"@type\":\"PropertyValueSpecification\",\"valueRequired\":true,\"valueName\":\"search_term_string\"}}],\"inLanguage\":\"pt-PT\"},{\"@type\":\"Organization\",\"@id\":\"https:\/\/www.armindoaraujo.pt\/wp\/#organization\",\"name\":\"Armindo Ara\u00fajo\",\"url\":\"https:\/\/www.armindoaraujo.pt\/wp\/\",\"logo\":{\"@type\":\"ImageObject\",\"inLanguage\":\"pt-PT\",\"@id\":\"https:\/\/www.armindoaraujo.pt\/wp\/#\/schema\/logo\/image\/\",\"url\":\"https:\/\/www.armindoaraujo.pt\/wp\/wp-content\/uploads\/2024\/02\/cropped-logo_aa_letrasbrancas-2.png\",\"contentUrl\":\"https:\/\/www.armindoaraujo.pt\/wp\/wp-content\/uploads\/2024\/02\/cropped-logo_aa_letrasbrancas-2.png\",\"width\":512,\"height\":205,\"caption\":\"Armindo Ara\u00fajo\"},\"image\":{\"@id\":\"https:\/\/www.armindoaraujo.pt\/wp\/#\/schema\/logo\/image\/\"}}]}<\/script>\n<!-- \/ Yoast SEO plugin. -->","yoast_head_json":{"title":"Lu\u00eds Ramalho - Armindo Ara\u00fajo","robots":{"index":"index","follow":"follow","max-snippet":"max-snippet:-1","max-image-preview":"max-image-preview:large","max-video-preview":"max-video-preview:-1"},"canonical":"https:\/\/www.armindoaraujo.pt\/wp\/luisramalho-perfil\/","og_locale":"pt_PT","og_type":"article","og_title":"Lu\u00eds Ramalho - Armindo Ara\u00fajo","og_description":"Lu\u00eds Ramalho Nascido em Coimbra, a 11 de Julho de 1962, Lu\u00eds Ramalho \u00e9 um dos mais experientes navegadores portugueses em atividade, tendo dividida a sua carreira nos ralis entre ...","og_url":"https:\/\/www.armindoaraujo.pt\/wp\/luisramalho-perfil\/","og_site_name":"Armindo Ara\u00fajo","article_modified_time":"2024-10-02T11:51:17+00:00","og_image":[{"width":867,"height":676,"url":"https:\/\/www.armindoaraujo.pt\/wp\/wp-content\/uploads\/2023\/01\/LUisR_foto-e1677152371494.png","type":"image\/png"}],"twitter_card":"summary_large_image","twitter_misc":{"Tempo estimado de leitura":"2 minutos"},"schema":{"@context":"https:\/\/schema.org","@graph":[{"@type":"WebPage","@id":"https:\/\/www.armindoaraujo.pt\/wp\/luisramalho-perfil\/","url":"https:\/\/www.armindoaraujo.pt\/wp\/luisramalho-perfil\/","name":"Lu\u00eds Ramalho - Armindo Ara\u00fajo","isPartOf":{"@id":"https:\/\/www.armindoaraujo.pt\/wp\/#website"},"primaryImageOfPage":{"@id":"https:\/\/www.armindoaraujo.pt\/wp\/luisramalho-perfil\/#primaryimage"},"image":{"@id":"https:\/\/www.armindoaraujo.pt\/wp\/luisramalho-perfil\/#primaryimage"},"thumbnailUrl":"https:\/\/www.armindoaraujo.pt\/wp\/wp-content\/uploads\/2023\/01\/LUisR_foto-e1677152371494.png","datePublished":"2022-03-28T15:18:11+00:00","dateModified":"2024-10-02T11:51:17+00:00","breadcrumb":{"@id":"https:\/\/www.armindoaraujo.pt\/wp\/luisramalho-perfil\/#breadcrumb"},"inLanguage":"pt-PT","potentialAction":[{"@type":"ReadAction","target":["https:\/\/www.armindoaraujo.pt\/wp\/luisramalho-perfil\/"]}]},{"@type":"ImageObject","inLanguage":"pt-PT","@id":"https:\/\/www.armindoaraujo.pt\/wp\/luisramalho-perfil\/#primaryimage","url":"https:\/\/www.armindoaraujo.pt\/wp\/wp-content\/uploads\/2023\/01\/LUisR_foto-e1677152371494.png","contentUrl":"https:\/\/www.armindoaraujo.pt\/wp\/wp-content\/uploads\/2023\/01\/LUisR_foto-e1677152371494.png","width":867,"height":676},{"@type":"BreadcrumbList","@id":"https:\/\/www.armindoaraujo.pt\/wp\/luisramalho-perfil\/#breadcrumb","itemListElement":[{"@type":"ListItem","position":1,"name":"P\u00e1gina Inicial","item":"https:\/\/www.armindoaraujo.pt\/wp\/"},{"@type":"ListItem","position":2,"name":"Lu\u00eds Ramalho"}]},{"@type":"WebSite","@id":"https:\/\/www.armindoaraujo.pt\/wp\/#website","url":"https:\/\/www.armindoaraujo.pt\/wp\/","name":"Armindo Ara\u00fajo","description":"","publisher":{"@id":"https:\/\/www.armindoaraujo.pt\/wp\/#organization"},"potentialAction":[{"@type":"SearchAction","target":{"@type":"EntryPoint","urlTemplate":"https:\/\/www.armindoaraujo.pt\/wp\/?s={search_term_string}"},"query-input":{"@type":"PropertyValueSpecification","valueRequired":true,"valueName":"search_term_string"}}],"inLanguage":"pt-PT"},{"@type":"Organization","@id":"https:\/\/www.armindoaraujo.pt\/wp\/#organization","name":"Armindo Ara\u00fajo","url":"https:\/\/www.armindoaraujo.pt\/wp\/","logo":{"@type":"ImageObject","inLanguage":"pt-PT","@id":"https:\/\/www.armindoaraujo.pt\/wp\/#\/schema\/logo\/image\/","url":"https:\/\/www.armindoaraujo.pt\/wp\/wp-content\/uploads\/2024\/02\/cropped-logo_aa_letrasbrancas-2.png","contentUrl":"https:\/\/www.armindoaraujo.pt\/wp\/wp-content\/uploads\/2024\/02\/cropped-logo_aa_letrasbrancas-2.png","width":512,"height":205,"caption":"Armindo Ara\u00fajo"},"image":{"@id":"https:\/\/www.armindoaraujo.pt\/wp\/#\/schema\/logo\/image\/"}}]}},"jetpack_sharing_enabled":true,"_links":{"self":[{"href":"https:\/\/www.armindoaraujo.pt\/wp\/wp-json\/wp\/v2\/pages\/2930","targetHints":{"allow":["GET"]}}],"collection":[{"href":"https:\/\/www.armindoaraujo.pt\/wp\/wp-json\/wp\/v2\/pages"}],"about":[{"href":"https:\/\/www.armindoaraujo.pt\/wp\/wp-json\/wp\/v2\/types\/page"}],"author":[{"embeddable":true,"href":"https:\/\/www.armindoaraujo.pt\/wp\/wp-json\/wp\/v2\/users\/2"}],"replies":[{"embeddable":true,"href":"https:\/\/www.armindoaraujo.pt\/wp\/wp-json\/wp\/v2\/comments?post=2930"}],"version-history":[{"count":77,"href":"https:\/\/www.armindoaraujo.pt\/wp\/wp-json\/wp\/v2\/pages\/2930\/revisions"}],"predecessor-version":[{"id":6070,"href":"https:\/\/www.armindoaraujo.pt\/wp\/wp-json\/wp\/v2\/pages\/2930\/revisions\/6070"}],"wp:featuredmedia":[{"embeddable":true,"href":"https:\/\/www.armindoaraujo.pt\/wp\/wp-json\/wp\/v2\/media\/3470"}],"wp:attachment":[{"href":"https:\/\/www.armindoaraujo.pt\/wp\/wp-json\/wp\/v2\/media?parent=2930"}],"curies":[{"name":"wp","href":"https:\/\/api.w.org\/{rel}","templated":true}]}}